{"id":163,"date":"2020-05-27T16:44:28","date_gmt":"2020-05-27T20:44:28","guid":{"rendered":"https:\/\/mmmppines.org\/?page_id=163"},"modified":"2020-05-28T17:53:11","modified_gmt":"2020-05-28T21:53:11","slug":"sociedad-de-damas","status":"publish","type":"page","link":"https:\/\/mmmppines.org\/?page_id=163","title":{"rendered":"Departamento de Damas"},"content":{"rendered":"\n<div class=\"wp-block-jetpack-slideshow aligncenter\" data-autoplay=\"true\" data-delay=\"3\" data-effect=\"fade\"><div class=\"wp-block-jetpack-slideshow_container swiper-container\"><ul class=\"wp-block-jetpack-slideshow_swiper-wrapper swiper-wrapper\"><li class=\"wp-block-jetpack-slideshow_slide swiper-slide\"><figure><img data-recalc-dims=\"1\" fetchpriority=\"high\" decoding=\"async\" width=\"835\" height=\"390\" alt=\"\" class=\"wp-block-jetpack-slideshow_image wp-image-165\" data-id=\"165\" src=\"https:\/\/i0.wp.com\/mmmppines.org\/wp-content\/uploads\/2020\/05\/DSC4554.jpg?resize=835%2C390&#038;ssl=1\" srcset=\"https:\/\/i0.wp.com\/mmmppines.org\/wp-content\/uploads\/2020\/05\/DSC4554.jpg?resize=1024%2C478&amp;ssl=1 1024w, https:\/\/i0.wp.com\/mmmppines.org\/wp-content\/uploads\/2020\/05\/DSC4554.jpg?resize=300%2C140&amp;ssl=1 300w, https:\/\/i0.wp.com\/mmmppines.org\/wp-content\/uploads\/2020\/05\/DSC4554.jpg?resize=768%2C359&amp;ssl=1 768w, https:\/\/i0.wp.com\/mmmppines.org\/wp-content\/uploads\/2020\/05\/DSC4554.jpg?resize=1536%2C718&amp;ssl=1 1536w, https:\/\/i0.wp.com\/mmmppines.org\/wp-content\/uploads\/2020\/05\/DSC4554.jpg?resize=2048%2C957&amp;ssl=1 2048w, https:\/\/i0.wp.com\/mmmppines.org\/wp-content\/uploads\/2020\/05\/DSC4554.jpg?w=1670&amp;ssl=1 1670w, https:\/\/i0.wp.com\/mmmppines.org\/wp-content\/uploads\/2020\/05\/DSC4554.jpg?w=2505&amp;ssl=1 2505w\" sizes=\"(max-width: 835px) 100vw, 835px\" \/><\/figure><\/li><li class=\"wp-block-jetpack-slideshow_slide swiper-slide\"><figure><img data-recalc-dims=\"1\" decoding=\"async\" width=\"835\" height=\"390\" alt=\"\" class=\"wp-block-jetpack-slideshow_image wp-image-166\" data-id=\"166\" src=\"https:\/\/i0.wp.com\/mmmppines.org\/wp-content\/uploads\/2020\/05\/DSC4555.jpg?resize=835%2C390&#038;ssl=1\" srcset=\"https:\/\/i0.wp.com\/mmmppines.org\/wp-content\/uploads\/2020\/05\/DSC4555.jpg?resize=1024%2C478&amp;ssl=1 1024w, https:\/\/i0.wp.com\/mmmppines.org\/wp-content\/uploads\/2020\/05\/DSC4555.jpg?resize=300%2C140&amp;ssl=1 300w, https:\/\/i0.wp.com\/mmmppines.org\/wp-content\/uploads\/2020\/05\/DSC4555.jpg?resize=768%2C359&amp;ssl=1 768w, https:\/\/i0.wp.com\/mmmppines.org\/wp-content\/uploads\/2020\/05\/DSC4555.jpg?resize=1536%2C718&amp;ssl=1 1536w, https:\/\/i0.wp.com\/mmmppines.org\/wp-content\/uploads\/2020\/05\/DSC4555.jpg?resize=2048%2C957&amp;ssl=1 2048w, https:\/\/i0.wp.com\/mmmppines.org\/wp-content\/uploads\/2020\/05\/DSC4555.jpg?w=1670&amp;ssl=1 1670w, https:\/\/i0.wp.com\/mmmppines.org\/wp-content\/uploads\/2020\/05\/DSC4555.jpg?w=2505&amp;ssl=1 2505w\" sizes=\"(max-width: 835px) 100vw, 835px\" \/><\/figure><\/li><li class=\"wp-block-jetpack-slideshow_slide swiper-slide\"><figure><img data-recalc-dims=\"1\" decoding=\"async\" width=\"835\" height=\"390\" alt=\"\" class=\"wp-block-jetpack-slideshow_image wp-image-167\" data-id=\"167\" src=\"https:\/\/i0.wp.com\/mmmppines.org\/wp-content\/uploads\/2020\/05\/DSC4556.jpg?resize=835%2C390&#038;ssl=1\" srcset=\"https:\/\/i0.wp.com\/mmmppines.org\/wp-content\/uploads\/2020\/05\/DSC4556.jpg?resize=1024%2C478&amp;ssl=1 1024w, https:\/\/i0.wp.com\/mmmppines.org\/wp-content\/uploads\/2020\/05\/DSC4556.jpg?resize=300%2C140&amp;ssl=1 300w, https:\/\/i0.wp.com\/mmmppines.org\/wp-content\/uploads\/2020\/05\/DSC4556.jpg?resize=768%2C359&amp;ssl=1 768w, https:\/\/i0.wp.com\/mmmppines.org\/wp-content\/uploads\/2020\/05\/DSC4556.jpg?resize=1536%2C718&amp;ssl=1 1536w, https:\/\/i0.wp.com\/mmmppines.org\/wp-content\/uploads\/2020\/05\/DSC4556.jpg?resize=2048%2C957&amp;ssl=1 2048w, https:\/\/i0.wp.com\/mmmppines.org\/wp-content\/uploads\/2020\/05\/DSC4556.jpg?w=1670&amp;ssl=1 1670w, https:\/\/i0.wp.com\/mmmppines.org\/wp-content\/uploads\/2020\/05\/DSC4556.jpg?w=2505&amp;ssl=1 2505w\" sizes=\"(max-width: 835px) 100vw, 835px\" \/><\/figure><\/li><li class=\"wp-block-jetpack-slideshow_slide swiper-slide\"><figure><img data-recalc-dims=\"1\" loading=\"lazy\" decoding=\"async\" width=\"835\" height=\"390\" alt=\"\" class=\"wp-block-jetpack-slideshow_image wp-image-168\" data-id=\"168\" src=\"https:\/\/i0.wp.com\/mmmppines.org\/wp-content\/uploads\/2020\/05\/DSC4560.jpg?resize=835%2C390&#038;ssl=1\" srcset=\"https:\/\/i0.wp.com\/mmmppines.org\/wp-content\/uploads\/2020\/05\/DSC4560.jpg?resize=1024%2C478&amp;ssl=1 1024w, https:\/\/i0.wp.com\/mmmppines.org\/wp-content\/uploads\/2020\/05\/DSC4560.jpg?resize=300%2C140&amp;ssl=1 300w, https:\/\/i0.wp.com\/mmmppines.org\/wp-content\/uploads\/2020\/05\/DSC4560.jpg?resize=768%2C359&amp;ssl=1 768w, https:\/\/i0.wp.com\/mmmppines.org\/wp-content\/uploads\/2020\/05\/DSC4560.jpg?resize=1536%2C718&amp;ssl=1 1536w, https:\/\/i0.wp.com\/mmmppines.org\/wp-content\/uploads\/2020\/05\/DSC4560.jpg?resize=2048%2C957&amp;ssl=1 2048w, https:\/\/i0.wp.com\/mmmppines.org\/wp-content\/uploads\/2020\/05\/DSC4560.jpg?w=1670&amp;ssl=1 1670w, https:\/\/i0.wp.com\/mmmppines.org\/wp-content\/uploads\/2020\/05\/DSC4560.jpg?w=2505&amp;ssl=1 2505w\" sizes=\"(max-width: 835px) 100vw, 835px\" \/><\/figure><\/li><li class=\"wp-block-jetpack-slideshow_slide swiper-slide\"><figure><img data-recalc-dims=\"1\" loading=\"lazy\" decoding=\"async\" width=\"835\" height=\"390\" alt=\"\" class=\"wp-block-jetpack-slideshow_image wp-image-169\" data-id=\"169\" src=\"https:\/\/i0.wp.com\/mmmppines.org\/wp-content\/uploads\/2020\/05\/DSC4563.jpg?resize=835%2C390&#038;ssl=1\" srcset=\"https:\/\/i0.wp.com\/mmmppines.org\/wp-content\/uploads\/2020\/05\/DSC4563.jpg?resize=1024%2C478&amp;ssl=1 1024w, https:\/\/i0.wp.com\/mmmppines.org\/wp-content\/uploads\/2020\/05\/DSC4563.jpg?resize=300%2C140&amp;ssl=1 300w, https:\/\/i0.wp.com\/mmmppines.org\/wp-content\/uploads\/2020\/05\/DSC4563.jpg?resize=768%2C359&amp;ssl=1 768w, https:\/\/i0.wp.com\/mmmppines.org\/wp-content\/uploads\/2020\/05\/DSC4563.jpg?resize=1536%2C718&amp;ssl=1 1536w, https:\/\/i0.wp.com\/mmmppines.org\/wp-content\/uploads\/2020\/05\/DSC4563.jpg?resize=2048%2C957&amp;ssl=1 2048w, https:\/\/i0.wp.com\/mmmppines.org\/wp-content\/uploads\/2020\/05\/DSC4563.jpg?w=1670&amp;ssl=1 1670w, https:\/\/i0.wp.com\/mmmppines.org\/wp-content\/uploads\/2020\/05\/DSC4563.jpg?w=2505&amp;ssl=1 2505w\" sizes=\"(max-width: 835px) 100vw, 835px\" \/><\/figure><\/li><li class=\"wp-block-jetpack-slideshow_slide swiper-slide\"><figure><img data-recalc-dims=\"1\" loading=\"lazy\" decoding=\"async\" width=\"835\" height=\"390\" alt=\"\" class=\"wp-block-jetpack-slideshow_image wp-image-170\" data-id=\"170\" src=\"https:\/\/i0.wp.com\/mmmppines.org\/wp-content\/uploads\/2020\/05\/DSC4564.jpg?resize=835%2C390&#038;ssl=1\" srcset=\"https:\/\/i0.wp.com\/mmmppines.org\/wp-content\/uploads\/2020\/05\/DSC4564.jpg?resize=1024%2C478&amp;ssl=1 1024w, https:\/\/i0.wp.com\/mmmppines.org\/wp-content\/uploads\/2020\/05\/DSC4564.jpg?resize=300%2C140&amp;ssl=1 300w, https:\/\/i0.wp.com\/mmmppines.org\/wp-content\/uploads\/2020\/05\/DSC4564.jpg?resize=768%2C359&amp;ssl=1 768w, https:\/\/i0.wp.com\/mmmppines.org\/wp-content\/uploads\/2020\/05\/DSC4564.jpg?resize=1536%2C718&amp;ssl=1 1536w, https:\/\/i0.wp.com\/mmmppines.org\/wp-content\/uploads\/2020\/05\/DSC4564.jpg?resize=2048%2C957&amp;ssl=1 2048w, https:\/\/i0.wp.com\/mmmppines.org\/wp-content\/uploads\/2020\/05\/DSC4564.jpg?w=1670&amp;ssl=1 1670w, https:\/\/i0.wp.com\/mmmppines.org\/wp-content\/uploads\/2020\/05\/DSC4564.jpg?w=2505&amp;ssl=1 2505w\" sizes=\"(max-width: 835px) 100vw, 835px\" \/><\/figure><\/li><\/ul><a class=\"wp-block-jetpack-slideshow_button-prev swiper-button-prev swiper-button-white\" role=\"button\"><\/a><a class=\"wp-block-jetpack-slideshow_button-next swiper-button-next swiper-button-white\" role=\"button\"><\/a><a aria-label=\"Pause Slideshow\" class=\"wp-block-jetpack-slideshow_button-pause\" role=\"button\"><\/a><div class=\"wp-block-jetpack-slideshow_pagination swiper-pagination swiper-pagination-white\"><\/div><\/div><\/div>\n\n\n\n<p>Martes, 26 de mayo de 2020<\/p>\n\n\n\n<p>Rev. David Vizcay Jr.<\/p>\n\n\n\n<p>Movimiento Misionero Mundial Pembroke Pines, FL<\/p>\n\n\n\n<p>G\u00e1latas 6: 3-10<\/p>\n\n\n\n<p>La noche del martes la palabra de Dios nos instaba a trav\u00e9s de su siervo a auto examinarnos. En el libro de G\u00e1latas, capitulo 6 verso 4 dice: \u201cAs\u00ed que, cada uno someta a prueba su propia obra, y entonces tendr\u00e1 motivo de gloriarse s\u00f3lo respecto de s\u00ed mismo, y no en otro\u201d.&nbsp; Esta porci\u00f3n de las escrituras nos ense\u00f1a que tenemos la responsabilidad personal delante de Dios de inquirir, analizar, estudiar y escudri\u00f1ar nuestras obras. El pastor David Vizcay Jr. nos ense\u00f1aba que nuestras intenciones deben nacer de un coraz\u00f3n agradable a Dios. Una pregunta que debemos hacernos diariamente es: \u00bfEstar\u00e1 mi nivel espiritual como Dios quiere? No podemos olvidar que si descuidamos nuestra responsabilidad delante del Se\u00f1or podemos caer en pr\u00e1cticas desagradables. No somos inmunes a la tentaci\u00f3n, pero con una vida sometida a la voluntad de Dios venceremos. El verso 5 de G\u00e1latas cap\u00edtulo 6 dice: \u201cporque cada uno llevar\u00e1 su propia carga\u201d. Se nos dice que la carga es individual y no compartida. El d\u00eda llegar\u00e1 cu\u00e1ndo tendremos que dar cuenta por nuestras cargas y para poder vencer y tener car\u00e1cter victorioso debo llevar mi carga con la ayuda del Se\u00f1or. En Cristo mi carga es ligera, Mateo 11:28 dice: \u201cVenid a m\u00ed todos los que est\u00e1is trabajados y cargados, y yo os har\u00e9 descansar\u201d. Es nuestra responsabilidad buscar fuerzas de Dios cuando nos sentimos cansados. M\u00e1s adelante Pablo nos advierte: \u201cPorque el que se cree ser algo, no siendo nada, a s\u00ed mismo se enga\u00f1a\u201d. A trav\u00e9s de una vida de oraci\u00f3n y b\u00fasqueda de la palabra divina podemos identificar qu\u00e9 \u00e1reas de nuestras vidas necesitan mejor\u00eda. Pregunt\u00e9monos: \u00bfQu\u00e9 idea tengo de m\u00ed mismo (a) que no debo tener? Si quitamos nuestra mirada de Cristo que es humilde y manso de coraz\u00f3n podemos caer en un estado de autosuficiencia, orgullo, soberbia, ego\u00edsmo y envidia. Comenzamos a comparar nuestra vida espiritual con la de nuestros hermanos (as) y abrimos puerta a esp\u00edritus inmundos y a malos sentimientos contra nuestra familia de la fe. Es imperativo llenarnos de Dios y que su poder derrote todo mal sentir. Debemos servir a nuestros hermanos (as) como se debe, con un coraz\u00f3n generoso. Dios conoce nuestras intenciones y \u00c9l no puede ser burlado.&nbsp; Ayud\u00e9monos los unos a los otros a seguir por el camino que nos lleva a la vida eterna con nuestro Salvador. Pidamos a Dios el poder sentir lo que mi hermano (a) est\u00e1 atravesando y poder ayudarles a levantarse en victoria. Sembremos buenas semillas para poder cosechar buenos frutos, \u201cpues todo lo que el hombre sembrare, eso tambi\u00e9n segar\u00e1\u201d, G\u00e1latas 6 verso 7. \u00bfQu\u00e9 tipo de semilla est\u00e1s sembrando? Sembremos para el Esp\u00edritu, sembremos para cosechar vida eterna con Dios. Plantemos para agradar a Dios y cosechemos buen testimonio. No olvidemos clamar por nuestros pastores y suplir sus necesidades, \u201cEl que es ense\u00f1ado en la palabra, haga part\u00edcipe de toda cosa buena al que lo instruye\u201d, G\u00e1latas 6 verso 6.&nbsp;<\/p>\n\n\n\n<p>No nos cansemos de hacer el bien, busquemos a Dios en ayuno, oraci\u00f3n y lectura de su palabra. Agradecemos a Dios Padre por su infinita misericordia, al Hijo por su amor y sacrificio y al Esp\u00edritu Santo por su paz y consolaci\u00f3n.<\/p>\n\n\n\n<p>Dios les bendiga abundantemente,<\/p>\n\n\n\n<p>Hna. Amarilys Oquendo Ortiz<\/p>\n","protected":false},"excerpt":{"rendered":"<p>Martes, 26 de mayo de 2020 Rev. David Vizcay Jr. Movimiento Misionero Mundial Pembroke Pines, FL G\u00e1latas 6: 3-10 La noche del martes la palabra de Dios nos instaba a trav\u00e9s de su siervo a auto examinarnos. En el libro de G\u00e1latas, capitulo 6 verso 4 dice: \u201cAs\u00ed que, cada uno someta a prueba su<\/p>\n<a href=\"https:\/\/mmmppines.org\/?page_id=163\" class=\"btn frontech-btn\"><span><\/span>Read More<\/a>","protected":false},"author":1,"featured_media":0,"parent":0,"menu_order":0,"comment_status":"closed","ping_status":"closed","template":"","meta":{"nf_dc_page":"","om_disable_all_campaigns":false,"_monsterinsights_skip_tracking":false,"_monsterinsights_sitenote_active":false,"_monsterinsights_sitenote_note":"","_monsterinsights_sitenote_category":0,"footnotes":""},"class_list":["post-163","page","type-page","status-publish","hentry"],"jetpack_sharing_enabled":true,"jetpack_likes_enabled":true,"_links":{"self":[{"href":"https:\/\/mmmppines.org\/index.php?rest_route=\/wp\/v2\/pages\/163","targetHints":{"allow":["GET"]}}],"collection":[{"href":"https:\/\/mmmppines.org\/index.php?rest_route=\/wp\/v2\/pages"}],"about":[{"href":"https:\/\/mmmppines.org\/index.php?rest_route=\/wp\/v2\/types\/page"}],"author":[{"embeddable":true,"href":"https:\/\/mmmppines.org\/index.php?rest_route=\/wp\/v2\/users\/1"}],"replies":[{"embeddable":true,"href":"https:\/\/mmmppines.org\/index.php?rest_route=%2Fwp%2Fv2%2Fcomments&post=163"}],"version-history":[{"count":3,"href":"https:\/\/mmmppines.org\/index.php?rest_route=\/wp\/v2\/pages\/163\/revisions"}],"predecessor-version":[{"id":177,"href":"https:\/\/mmmppines.org\/index.php?rest_route=\/wp\/v2\/pages\/163\/revisions\/177"}],"wp:attachment":[{"href":"https:\/\/mmmppines.org\/index.php?rest_route=%2Fwp%2Fv2%2Fmedia&parent=163"}],"curies":[{"name":"wp","href":"https:\/\/api.w.org\/{rel}","templated":true}]}}